{"id":6,"date":"2020-01-21T16:19:57","date_gmt":"2020-01-21T15:19:57","guid":{"rendered":"https:\/\/support-klima.pl\/index.php\/oferta\/"},"modified":"2026-01-30T21:13:48","modified_gmt":"2026-01-30T20:13:48","slug":"oferta","status":"publish","type":"page","link":"https:\/\/support-klima.pl\/index.php\/oferta\/","title":{"rendered":"Oferta"},"content":{"rendered":"<p>[et_pb_section fb_built=&#8221;1&#8243; fullwidth=&#8221;on&#8221; _builder_version=&#8221;4.16&#8243; _module_preset=&#8221;default&#8221; global_colors_info=&#8221;{}&#8221;][et_pb_fullwidth_image src=&#8221;https:\/\/support-klima.pl\/wp-content\/uploads\/2022\/04\/Zlecenie-Support-klima-scaled.jpg&#8221; title_text=&#8221;Zlecenie &#8211; Support-klima&#8221; _builder_version=&#8221;4.16&#8243; _module_preset=&#8221;default&#8221; global_colors_info=&#8221;{}&#8221;][\/et_pb_fullwidth_image][\/et_pb_section][et_pb_section fb_built=&#8221;1&#8243; module_id=&#8221;ofirmie&#8221; module_class=&#8221;ofirmie&#8221; _builder_version=&#8221;4.16&#8243; custom_padding=&#8221;70px||0px||false|false&#8221; global_colors_info=&#8221;{}&#8221;][et_pb_row column_structure=&#8221;2_5,3_5&#8243; use_custom_gutter=&#8221;on&#8221; gutter_width=&#8221;2&#8243; make_equal=&#8221;on&#8221; _builder_version=&#8221;4.16&#8243; width=&#8221;90%&#8221; width_tablet=&#8221;90%&#8221; width_phone=&#8221;92.8%&#8221; width_last_edited=&#8221;on|phone&#8221; max_width=&#8221;1170px&#8221; max_width_tablet=&#8221;90%&#8221; max_width_phone=&#8221;90%&#8221; max_width_last_edited=&#8221;on|tablet&#8221; custom_margin=&#8221;|132px||auto||&#8221; global_colors_info=&#8221;{}&#8221;][et_pb_column type=&#8221;2_5&#8243; _builder_version=&#8221;4.16&#8243; background_image=&#8221;https:\/\/support-klima.pl\/wp-content\/uploads\/2020\/01\/industrial-510-4.png&#8221; global_colors_info=&#8221;{}&#8221;][et_pb_image src=&#8221;https:\/\/support-klima.pl\/wp-content\/uploads\/2022\/06\/IMG_20201221_113720-scaled.jpg&#8221; title_text=&#8221;IMG_20201221_113720&#8243; _builder_version=&#8221;4.16&#8243; box_shadow_style=&#8221;preset2&#8243; global_colors_info=&#8221;{}&#8221;][\/et_pb_image][et_pb_image src=&#8221;https:\/\/support-klima.pl\/wp-content\/uploads\/2026\/01\/Klimatyzacja-marki-Rotenso-Montaz&#8211;scaled.jpg&#8221; title_text=&#8221;Klimatyzacja marki Rotenso Monta\u017c&#8221; _builder_version=&#8221;4.27.0&#8243; hover_enabled=&#8221;0&#8243; box_shadow_style=&#8221;preset2&#8243; global_colors_info=&#8221;{}&#8221; sticky_enabled=&#8221;0&#8243;][\/et_pb_image][\/et_pb_column][et_pb_column type=&#8221;3_5&#8243; _builder_version=&#8221;4.16&#8243; custom_padding=&#8221;|||44px|false|false&#8221; custom_padding_tablet=&#8221;130px|||0px|false|false&#8221; custom_padding_phone=&#8221;170px|||0px|false|false&#8221; custom_padding_last_edited=&#8221;on|phone&#8221; global_colors_info=&#8221;{}&#8221;][et_pb_text _builder_version=&#8221;4.16&#8243; text_font=&#8221;Roboto Condensed||||||||&#8221; text_text_color=&#8221;#000000&#8243; text_font_size=&#8221;20px&#8221; text_line_height=&#8221;1.8em&#8221; ul_line_height=&#8221;2.4em&#8221; width=&#8221;79.7%&#8221; custom_margin=&#8221;26px|-74px|||false|false&#8221; custom_padding=&#8221;|0px||13px||&#8221; global_colors_info=&#8221;{}&#8221;]<\/p>\n<h1><strong>Us\u0142ugi<\/strong><\/h1>\n<h2><strong>Klimatyzacja domowa i przemys\u0142owa \u2013 idealne warunki do pracy i odpoczynku<\/strong><\/h2>\n<p>Monta\u017c klimatyzacji stacjonarnej pozwala na stworzenie idealnych warunk\u00f3w do pracy czy odpoczynku. W naszej ofercie znale\u017a\u0107 mo\u017cna najpopularniejsze rozwi\u0105zania na rynku: klimatyzacje split, multi-split, monoblok czy VRV. Wyb\u00f3r najlepszego typu uzale\u017cniony jest od Twoich potrzeb, dost\u0119pnego miejsca oraz posiadanego bud\u017cetu. Oferujemy tak\u017ce regularne serwisowanie klimatyzacji domowej. Cena takiej us\u0142ugi natomiast uzale\u017cniona b\u0119dzie od wielko\u015bci instalacji oraz jej stanu. Konserwacja systemu klimatyzacji ma ogromne znaczenie w utrzymaniu jej czysto\u015bci oraz bezawaryjno\u015bci. Je\u015bli jednak dojdzie do jakiejkolwiek usterki, nasz zesp\u00f3\u0142 specjalist\u00f3w zajmie si\u0119 napraw\u0105 klimatyzacji stacjonarnej w Katowicach oraz pobliskich miejscowo\u015bciach. Ch\u0119tnie pomo\u017cemy Ci tak\u017ce przy rozbudowie systemu klimatyzacji lub jej modernizacji. Korzystaj\u0105c z us\u0142ug <strong>SUPPORT-KLIMA,<\/strong> uzyskasz dost\u0119p do kompleksowej obs\u0142ugi technicznej Twojej klimatyzacji domowej.<\/p>\n<h2><strong>Pompa ciep\u0142a w Twoim domu \u2013 tanie i wydajne ogrzewanie<\/strong><\/h2>\n<p>Instalacja pompy ciep\u0142a w domu to szybki spos\u00f3b na oszcz\u0119dno\u015bci w Twoim portfelu. Ju\u017c na pocz\u0105tku mo\u017cesz uzyska\u0107 liczne dofinansowania i ulgi, by inwestycja by\u0142a dla Ciebie jak najbardziej op\u0142acalna. W ten spos\u00f3b przejdziesz do grona os\u00f3b, kt\u00f3re korzystaj\u0105 z ekologicznego systemu ogrzewania domu. Projekt ogrzewania pomp\u0105 ciep\u0142a powietrze-woda lub powietrze-powietrze b\u0119dzie dostosowany do Twoich mo\u017cliwo\u015bci finansowych i technicznych. Jest to rozwi\u0105zanie bardzo wydajne, poniewa\u017c nie generuje ciep\u0142a, a jedynie je transportuje z podw\u00f3rka do domu. Dzi\u0119ki temu z 1 kWh pobranego pr\u0105du mo\u017cesz uzyska\u0107 nawet 3 lub 4 kWh ciep\u0142a. Oznacza to znaczne obni\u017cenie koszt\u00f3w ogrzewania domu. Pompa ciep\u0142a split lub monoblok sprawdzi si\u0119 zar\u00f3wno w domach jednorodzinnych w Katowicach i na ca\u0142ym \u015al\u0105sku, jak i w biurach, halach i innych budynkach u\u017cyteczno\u015bci publicznej. Dodatkowo oferujemy tak\u017ce serwis i konserwacj\u0119 pompy ciep\u0142a. W ten spos\u00f3b zmniejsza si\u0119 ryzyko wyst\u0105pienia awarii i przerwy w ogrzewaniu budynku. Jednak w razie wyst\u0105pienia problemu, nasi specjali\u015bci zajm\u0105 si\u0119 napraw\u0105 pompy ciep\u0142a w Twoim domu.<\/p>\n<h2><strong>System wentylacji \u2013 sprawd\u017a rekuperacj\u0119 oraz inne nowoczesne rozwi\u0105zania<\/strong><\/h2>\n<p>Rekuperacja w domu to system mechanicznej wentylacji, kt\u00f3ry zapewnia dodatkowo odzysk ciep\u0142a. Dzi\u0119ki temu zapotrzebowanie energetyczne budynku jest jeszcze mniejsze \u2013 tak samo, jak comiesi\u0119czne rachunki. Projekt wentylacji domowej oraz jej monta\u017c nie ma dla nas \u017cadnych tajemnic. Podobnie jak konserwacja przewod\u00f3w wentylacyjnych oraz usuwanie brzydkich zapach\u00f3w. Serwisowanie rekuperacji w Katowicach oraz pobliskich miastach powinno tak\u017ce zapewnia\u0107 wymian\u0119 filtr\u00f3w. Pozwalaj\u0105 one dostarcza\u0107 do budynku tylko czyste, dobrze natlenione powietrze. Jednak osadzaj\u0105ce si\u0119 na filtrach zanieczyszczenia zmuszaj\u0105 do cz\u0119stej ich wymiany. Korzystaj\u0105c z naszych kompleksowych us\u0142ug, dobierzesz optymalne rozwi\u0105zanie do swojego domu, a nasi specjali\u015bci zainstaluj\u0105 rekuperacj\u0119 lub inny system wentylacji w Twoim domu. B\u0119d\u0105 te\u017c dba\u0107 o jego wysok\u0105 sprawno\u015b\u0107 i bezawaryjno\u015b\u0107. W razie wyst\u0105pienia jaki\u015bkolwiek problem\u00f3w b\u0142yskawicznie naprawi\u0105 system wentylacji, aby\u015b m\u00f3g\u0142 dalej oddycha\u0107 pe\u0142n\u0105 piersi\u0105.<\/p>\n<h2><strong>Kompleksowe us\u0142ugi \u2013 od projektu, przez monta\u017c, na serwisie ko\u0144cz\u0105c<\/strong><\/h2>\n<p>Klimatyzacja, pompy ciep\u0142a oraz systemy wentylacji wymagaj\u0105 cz\u0119stych kontroli i prac serwisowych. Naszych specjalist\u00f3w nale\u017cy wezwa\u0107, gdy tylko urz\u0105dzenie pracuje inaczej ni\u017c zwykle lub wydobywa si\u0119 z niego brzydki zapach. Regularna konserwacja pomp ciep\u0142a czy rekuperacji pozwoli cieszy\u0107 Ci si\u0119 wszystkimi mo\u017cliwo\u015bciami systemu. Natomiast coroczne odgrzybianie i czyszczenie klimatyzacji stacjonarnej ochroni przed brzydkimi zapachami oraz gro\u017anymi bateriami. Sprawd\u017a wszystkie nasze us\u0142ugi i zadzwo\u0144 do nas, by dowiedzie\u0107 si\u0119, jak mo\u017cemy Ci jeszcze pom\u00f3c.<\/p>\n<p>[\/et_pb_text][\/et_pb_column][\/et_pb_row][\/et_pb_section][et_pb_section fb_built=&#8221;1&#8243; _builder_version=&#8221;4.0.2&#8243; background_color=&#8221;#083f8c&#8221; min_height=&#8221;352.4px&#8221; custom_margin=&#8221;15px|||||&#8221; custom_padding=&#8221;0px||2px|||&#8221; global_module=&#8221;99&#8243; saved_tabs=&#8221;all&#8221; global_colors_info=&#8221;{}&#8221;][et_pb_row column_structure=&#8221;1_2,1_2&#8243; _builder_version=&#8221;4.16&#8243; min_height=&#8221;671.4px&#8221; custom_margin=&#8221;|165px|-195px|49px||&#8221; custom_padding=&#8221;||195px|||&#8221; global_colors_info=&#8221;{}&#8221;][et_pb_column type=&#8221;1_2&#8243; _builder_version=&#8221;4.16&#8243; global_colors_info=&#8221;{}&#8221;][et_pb_blurb title=&#8221;SUPPORT-KLIMA \u0141ukasz Frankiewicz&#8221; icon_placement=&#8221;left&#8221; image_icon_width=&#8221;95%&#8221; _builder_version=&#8221;4.16&#8243; header_font=&#8221;Ubuntu||||||||&#8221; header_text_color=&#8221;#ffffff&#8221; header_font_size=&#8221;26px&#8221; body_font=&#8221;Ubuntu||||||||&#8221; body_text_color=&#8221;#ffffff&#8221; body_font_size=&#8221;21px&#8221; min_height=&#8221;198.4px&#8221; custom_padding=&#8221;0px||52px||false|false&#8221; inline_fonts=&#8221;Arial,Verdana,ABeeZee&#8221; global_colors_info=&#8221;{}&#8221;]<\/p>\n<p>ul. B. Chrobrego 37\/73<br \/>40-881 Katowice<br \/>tel. 787 222 854<\/p>\n<p><span style=\"font-family: inherit; font-weight: normal;\">nip \u00a0\u00a0 5732575464<\/span><br \/><span style=\"font-family: inherit; font-weight: normal;\">regon 382791020<\/span><br \/><span style=\"font-family: inherit; font-weight: normal;\">www.support-klima.pl<\/span><br \/><span style=\"font-family: inherit; font-weight: normal;\">biuro@support-klima.pl<\/span><\/p>\n<p>[\/et_pb_blurb][\/et_pb_column][et_pb_column type=&#8221;1_2&#8243; _builder_version=&#8221;4.16&#8243; global_colors_info=&#8221;{}&#8221;][\/et_pb_column][\/et_pb_row][\/et_pb_section]<\/p>\n","protected":false},"excerpt":{"rendered":"<p>Us\u0142ugi Klimatyzacja domowa i przemys\u0142owa \u2013 idealne warunki do pracy i odpoczynku Monta\u017c klimatyzacji stacjonarnej pozwala na stworzenie idealnych warunk\u00f3w do pracy czy odpoczynku. W naszej ofercie znale\u017a\u0107 mo\u017cna najpopularniejsze rozwi\u0105zania na rynku: klimatyzacje split, multi-split, monoblok czy VRV. Wyb\u00f3r najlepszego typu uzale\u017cniony jest od Twoich potrzeb, dost\u0119pnego miejsca oraz posiadanego bud\u017cetu. Oferujemy tak\u017ce regularne [&hellip;]<\/p>\n","protected":false},"author":1,"featured_media":0,"parent":0,"menu_order":0,"comment_status":"closed","ping_status":"closed","template":"","meta":{"_et_pb_use_builder":"on","_et_pb_old_content":"","_et_gb_content_width":"","om_disable_all_campaigns":false,"_monsterinsights_skip_tracking":false,"_monsterinsights_sitenote_active":false,"_monsterinsights_sitenote_note":"","_monsterinsights_sitenote_category":0,"footnotes":""},"class_list":["post-6","page","type-page","status-publish","hentry"],"aioseo_notices":[],"jetpack_sharing_enabled":true,"_links":{"self":[{"href":"https:\/\/support-klima.pl\/index.php\/wp-json\/wp\/v2\/pages\/6"}],"collection":[{"href":"https:\/\/support-klima.pl\/index.php\/wp-json\/wp\/v2\/pages"}],"about":[{"href":"https:\/\/support-klima.pl\/index.php\/wp-json\/wp\/v2\/types\/page"}],"author":[{"embeddable":true,"href":"https:\/\/support-klima.pl\/index.php\/wp-json\/wp\/v2\/users\/1"}],"replies":[{"embeddable":true,"href":"https:\/\/support-klima.pl\/index.php\/wp-json\/wp\/v2\/comments?post=6"}],"version-history":[{"count":1,"href":"https:\/\/support-klima.pl\/index.php\/wp-json\/wp\/v2\/pages\/6\/revisions"}],"predecessor-version":[{"id":1094,"href":"https:\/\/support-klima.pl\/index.php\/wp-json\/wp\/v2\/pages\/6\/revisions\/1094"}],"wp:attachment":[{"href":"https:\/\/support-klima.pl\/index.php\/wp-json\/wp\/v2\/media?parent=6"}],"curies":[{"name":"wp","href":"https:\/\/api.w.org\/{rel}","templated":true}]}}